{"id":992,"date":"2026-02-11T20:44:36","date_gmt":"2026-02-12T01:44:36","guid":{"rendered":"https:\/\/gravellelaurentides.com\/about-us\/"},"modified":"2026-03-26T08:21:36","modified_gmt":"2026-03-26T12:21:36","slug":"about-us","status":"publish","type":"page","link":"https:\/\/gravellelaurentides.com\/en\/about-us\/","title":{"rendered":"About us"},"content":{"rendered":"\t\t<div data-elementor-type=\"wp-page\" data-elementor-id=\"992\" class=\"elementor elementor-992 elementor-90\" data-elementor-post-type=\"page\">\n\t\t\t\t<div class=\"elementor-element elementor-element-18f38aa e-flex e-con-boxed e-con e-child\" data-id=\"18f38aa\" data-element_type=\"container\" data-e-type=\"container\" data-settings=\"{&quot;background_background&quot;:&quot;classic&quot;}\">\n\t\t\t\t\t<div class=\"e-con-inner\">\n\t\t\t\t<div class=\"elementor-element elementor-element-71176b3 elementor-widget elementor-widget-heading\" data-id=\"71176b3\" data-element_type=\"widget\" data-e-type=\"widget\" data-widget_type=\"heading.default\">\n\t\t\t\t<div class=\"elementor-widget-container\">\n\t\t\t\t\t<h1 class=\"elementor-heading-title elementor-size-default\">About the Project<\/h1>\t\t\t\t<\/div>\n\t\t\t\t<\/div>\n\t\t\t\t<div class=\"elementor-element elementor-element-5d55952 elementor-widget__width-initial elementor-widget elementor-widget-text-editor\" data-id=\"5d55952\" data-element_type=\"widget\" data-e-type=\"widget\" data-widget_type=\"text-editor.default\">\n\t\t\t\t<div class=\"elementor-widget-container\">\n\t\t\t\t\t\t\t\t\t<p>Gravelle Laurentides is an initiative by SOPAIR and its partners to promote gravelle cycling in the Laurentians.<\/p>\t\t\t\t\t\t\t\t<\/div>\n\t\t\t\t<\/div>\n\t\t\t\t\t<\/div>\n\t\t\t\t<\/div>\n\t\t<div class=\"elementor-element elementor-element-b099091 e-flex e-con-boxed e-con e-parent\" data-id=\"b099091\" data-element_type=\"container\" data-e-type=\"container\" data-settings=\"{&quot;background_background&quot;:&quot;classic&quot;}\">\n\t\t\t\t\t<div class=\"e-con-inner\">\n\t\t<div class=\"elementor-element elementor-element-0e4a745 e-con-full e-flex e-con e-child\" data-id=\"0e4a745\" data-element_type=\"container\" data-e-type=\"container\">\n\t\t\t\t<div class=\"elementor-element elementor-element-2489007 elementor-widget elementor-widget-heading\" data-id=\"2489007\" data-element_type=\"widget\" data-e-type=\"widget\" data-widget_type=\"heading.default\">\n\t\t\t\t<div class=\"elementor-widget-container\">\n\t\t\t\t\t<h2 class=\"elementor-heading-title elementor-size-default\">Our mission<\/h2>\t\t\t\t<\/div>\n\t\t\t\t<\/div>\n\t\t\t\t<div class=\"elementor-element elementor-element-49133ba elementor-widget__width-initial elementor-widget elementor-widget-text-editor\" data-id=\"49133ba\" data-element_type=\"widget\" data-e-type=\"widget\" data-widget_type=\"text-editor.default\">\n\t\t\t\t<div class=\"elementor-widget-container\">\n\t\t\t\t\t\t\t\t\t<p>The Gravelle Laurentides project aims to position the Laurentian region as a prime destination for gravel cycling in Quebec and North America. Our mission is to create, promote and maintain a network of exceptional trails that showcase the natural beauty of our territory.<\/p><p>We believe that the gravelle cycling category is more than a sport: it&#8217;s a gateway to the discovery of our landscapes, our villages, our local culture and our gastronomy. Every pedal stroke is an opportunity to connect with nature and support the regional economy.<\/p>\t\t\t\t\t\t\t\t<\/div>\n\t\t\t\t<\/div>\n\t\t\t\t<\/div>\n\t\t<div class=\"elementor-element elementor-element-a2f69ef e-con-full e-flex elementor-invisible e-con e-child\" data-id=\"a2f69ef\" data-element_type=\"container\" data-e-type=\"container\" data-settings=\"{&quot;animation&quot;:&quot;fadeInRight&quot;}\">\n\t\t\t\t<div class=\"elementor-element elementor-element-2802e76 elementor-widget elementor-widget-image\" data-id=\"2802e76\" data-element_type=\"widget\" data-e-type=\"widget\" data-widget_type=\"image.default\">\n\t\t\t\t<div class=\"elementor-widget-container\">\n\t\t\t\t\t\t\t\t\t\t\t\t\t\t\t<img fetchpriority=\"high\" decoding=\"async\" width=\"2560\" height=\"1922\" src=\"https:\/\/gravellelaurentides.com\/wp-content\/uploads\/2024\/10\/PANA8982-scaled.jpg\" class=\"attachment-full size-full wp-image-847\" alt=\"\" srcset=\"https:\/\/gravellelaurentides.com\/wp-content\/uploads\/2024\/10\/PANA8982-scaled.jpg 2560w, https:\/\/gravellelaurentides.com\/wp-content\/uploads\/2024\/10\/PANA8982-300x225.jpg 300w, https:\/\/gravellelaurentides.com\/wp-content\/uploads\/2024\/10\/PANA8982-1024x769.jpg 1024w, https:\/\/gravellelaurentides.com\/wp-content\/uploads\/2024\/10\/PANA8982-768x577.jpg 768w, https:\/\/gravellelaurentides.com\/wp-content\/uploads\/2024\/10\/PANA8982-1536x1153.jpg 1536w, https:\/\/gravellelaurentides.com\/wp-content\/uploads\/2024\/10\/PANA8982-2048x1537.jpg 2048w\" sizes=\"(max-width: 2560px) 100vw, 2560px\" \/>\t\t\t\t\t\t\t\t\t\t\t\t\t\t\t<\/div>\n\t\t\t\t<\/div>\n\t\t\t\t<\/div>\n\t\t\t\t\t<\/div>\n\t\t\t\t<\/div>\n\t\t<div class=\"elementor-element elementor-element-c2c6d88 e-flex e-con-boxed e-con e-parent\" data-id=\"c2c6d88\" data-element_type=\"container\" data-e-type=\"container\">\n\t\t\t\t\t<div class=\"e-con-inner\">\n\t\t\t\t<div class=\"elementor-element elementor-element-07a3411 animated-slow elementor-invisible elementor-widget elementor-widget-image\" data-id=\"07a3411\" data-element_type=\"widget\" data-e-type=\"widget\" data-settings=\"{&quot;_animation&quot;:&quot;fadeIn&quot;}\" data-widget_type=\"image.default\">\n\t\t\t\t<div class=\"elementor-widget-container\">\n\t\t\t\t\t\t\t\t\t\t\t\t\t\t\t<img decoding=\"async\" width=\"2560\" height=\"1922\" src=\"https:\/\/gravellelaurentides.com\/wp-content\/uploads\/2024\/10\/PANA8476-scaled.jpg\" class=\"attachment-full size-full wp-image-837\" alt=\"\" srcset=\"https:\/\/gravellelaurentides.com\/wp-content\/uploads\/2024\/10\/PANA8476-scaled.jpg 2560w, https:\/\/gravellelaurentides.com\/wp-content\/uploads\/2024\/10\/PANA8476-300x225.jpg 300w, https:\/\/gravellelaurentides.com\/wp-content\/uploads\/2024\/10\/PANA8476-1024x769.jpg 1024w, https:\/\/gravellelaurentides.com\/wp-content\/uploads\/2024\/10\/PANA8476-768x577.jpg 768w, https:\/\/gravellelaurentides.com\/wp-content\/uploads\/2024\/10\/PANA8476-1536x1153.jpg 1536w, https:\/\/gravellelaurentides.com\/wp-content\/uploads\/2024\/10\/PANA8476-2048x1537.jpg 2048w\" sizes=\"(max-width: 2560px) 100vw, 2560px\" \/>\t\t\t\t\t\t\t\t\t\t\t\t\t\t\t<\/div>\n\t\t\t\t<\/div>\n\t\t\t\t\t<\/div>\n\t\t\t\t<\/div>\n\t\t<div class=\"elementor-element elementor-element-28aa92e e-flex e-con-boxed e-con e-parent\" data-id=\"28aa92e\" data-element_type=\"container\" data-e-type=\"container\" data-settings=\"{&quot;background_background&quot;:&quot;classic&quot;}\">\n\t\t\t\t\t<div class=\"e-con-inner\">\n\t\t<div class=\"elementor-element elementor-element-a99b127 e-con-full e-flex e-con e-child\" data-id=\"a99b127\" data-element_type=\"container\" data-e-type=\"container\">\n\t\t\t\t<div class=\"elementor-element elementor-element-3f47c77 elementor-widget elementor-widget-heading\" data-id=\"3f47c77\" data-element_type=\"widget\" data-e-type=\"widget\" data-widget_type=\"heading.default\">\n\t\t\t\t<div class=\"elementor-widget-container\">\n\t\t\t\t\t<h2 class=\"elementor-heading-title elementor-size-default\">The SOPAIR Project<\/h2>\t\t\t\t<\/div>\n\t\t\t\t<\/div>\n\t\t\t\t<div class=\"elementor-element elementor-element-3eb859b elementor-widget__width-initial elementor-widget elementor-widget-text-editor\" data-id=\"3eb859b\" data-element_type=\"widget\" data-e-type=\"widget\" data-widget_type=\"text-editor.default\">\n\t\t\t\t<div class=\"elementor-widget-container\">\n\t\t\t\t\t\t\t\t\t<p>SOPAIR (Soci\u00e9t\u00e9 de plein air et d&#8217;initiatives r\u00e9gionales) is the organization behind this initiative. Since its creation, SOPAIR&#8217;s mandate has been to develop and promote outdoor activities in the Laurentians, with an emphasis on sustainability, accessibility and respect for the environment.<\/p><p>The Gravelle Laurentides network is part of this vision, offering routes that minimize environmental impact while maximizing the cycling experience. We work closely with local municipalities, landowners and tourism stakeholders to ensure the long-term future of these routes.<\/p>\t\t\t\t\t\t\t\t<\/div>\n\t\t\t\t<\/div>\n\t\t\t\t<\/div>\n\t\t<div class=\"elementor-element elementor-element-0b3a8ce e-con-full e-flex elementor-invisible e-con e-child\" data-id=\"0b3a8ce\" data-element_type=\"container\" data-e-type=\"container\" data-settings=\"{&quot;animation&quot;:&quot;fadeInLeft&quot;}\">\n\t\t\t\t<div class=\"elementor-element elementor-element-da29021 elementor-widget elementor-widget-image\" data-id=\"da29021\" data-element_type=\"widget\" data-e-type=\"widget\" data-widget_type=\"image.default\">\n\t\t\t\t<div class=\"elementor-widget-container\">\n\t\t\t\t\t\t\t\t\t\t\t\t\t\t\t<img decoding=\"async\" width=\"2560\" height=\"1922\" src=\"https:\/\/gravellelaurentides.com\/wp-content\/uploads\/2024\/10\/PANA8774-scaled.jpg\" class=\"attachment-full size-full wp-image-842\" alt=\"\" srcset=\"https:\/\/gravellelaurentides.com\/wp-content\/uploads\/2024\/10\/PANA8774-scaled.jpg 2560w, https:\/\/gravellelaurentides.com\/wp-content\/uploads\/2024\/10\/PANA8774-300x225.jpg 300w, https:\/\/gravellelaurentides.com\/wp-content\/uploads\/2024\/10\/PANA8774-1024x769.jpg 1024w, https:\/\/gravellelaurentides.com\/wp-content\/uploads\/2024\/10\/PANA8774-768x577.jpg 768w, https:\/\/gravellelaurentides.com\/wp-content\/uploads\/2024\/10\/PANA8774-1536x1153.jpg 1536w, https:\/\/gravellelaurentides.com\/wp-content\/uploads\/2024\/10\/PANA8774-2048x1537.jpg 2048w\" sizes=\"(max-width: 2560px) 100vw, 2560px\" \/>\t\t\t\t\t\t\t\t\t\t\t\t\t\t\t<\/div>\n\t\t\t\t<\/div>\n\t\t\t\t<\/div>\n\t\t\t\t\t<\/div>\n\t\t\t\t<\/div>\n\t\t<div class=\"elementor-element elementor-element-d4a2655 e-flex e-con-boxed e-con e-parent\" data-id=\"d4a2655\" data-element_type=\"container\" data-e-type=\"container\">\n\t\t\t\t\t<div class=\"e-con-inner\">\n\t\t\t\t<div class=\"elementor-element elementor-element-37fb026 elementor-widget elementor-widget-heading\" data-id=\"37fb026\" data-element_type=\"widget\" data-e-type=\"widget\" data-widget_type=\"heading.default\">\n\t\t\t\t<div class=\"elementor-widget-container\">\n\t\t\t\t\t<h2 class=\"elementor-heading-title elementor-size-default\">Regional impact<\/h2>\t\t\t\t<\/div>\n\t\t\t\t<\/div>\n\t\t\t\t<div class=\"elementor-element elementor-element-a511bb9 elementor-widget__width-initial elementor-widget elementor-widget-text-editor\" data-id=\"a511bb9\" data-element_type=\"widget\" data-e-type=\"widget\" data-widget_type=\"text-editor.default\">\n\t\t\t\t<div class=\"elementor-widget-container\">\n\t\t\t\t\t\t\t\t\t<p>The Gravelle Laurentides project generates significant economic spin-offs for the region by attracting visitors who are keen cyclists, and promoting stops at our local establishments.<\/p>\t\t\t\t\t\t\t\t<\/div>\n\t\t\t\t<\/div>\n\t\t<div class=\"elementor-element elementor-element-780aafd e-grid e-con-full e-con e-child\" data-id=\"780aafd\" data-element_type=\"container\" data-e-type=\"container\">\n\t\t<div class=\"elementor-element elementor-element-d97da56 e-con-full e-flex e-con e-child\" data-id=\"d97da56\" data-element_type=\"container\" data-e-type=\"container\">\n\t\t\t\t<div class=\"elementor-element elementor-element-4dea216 elementor-widget elementor-widget-counter\" data-id=\"4dea216\" data-element_type=\"widget\" data-e-type=\"widget\" data-widget_type=\"counter.default\">\n\t\t\t\t<div class=\"elementor-widget-container\">\n\t\t\t\t\t\t\t<div class=\"elementor-counter\">\n\t\t\t<div class=\"elementor-counter-title\">Marked trails<\/div>\t\t\t<div class=\"elementor-counter-number-wrapper\">\n\t\t\t\t<span class=\"elementor-counter-number-prefix\"><\/span>\n\t\t\t\t<span class=\"elementor-counter-number\" data-duration=\"2000\" data-to-value=\"6\" data-from-value=\"0\" data-delimiter=\",\">0<\/span>\n\t\t\t\t<span class=\"elementor-counter-number-suffix\">+<\/span>\n\t\t\t<\/div>\n\t\t<\/div>\n\t\t\t\t\t\t<\/div>\n\t\t\t\t<\/div>\n\t\t\t\t<div class=\"elementor-element elementor-element-80f6508 elementor-widget__width-initial elementor-widget elementor-widget-heading\" data-id=\"80f6508\" data-element_type=\"widget\" data-e-type=\"widget\" data-widget_type=\"heading.default\">\n\t\t\t\t<div class=\"elementor-widget-container\">\n\t\t\t\t\t<h2 class=\"elementor-heading-title elementor-size-default\">Varied itineraries for all levels<\/h2>\t\t\t\t<\/div>\n\t\t\t\t<\/div>\n\t\t\t\t<\/div>\n\t\t<div class=\"elementor-element elementor-element-5ac928e e-con-full e-flex e-con e-child\" data-id=\"5ac928e\" data-element_type=\"container\" data-e-type=\"container\">\n\t\t\t\t<div class=\"elementor-element elementor-element-7391a1f elementor-widget elementor-widget-counter\" data-id=\"7391a1f\" data-element_type=\"widget\" data-e-type=\"widget\" data-widget_type=\"counter.default\">\n\t\t\t\t<div class=\"elementor-widget-container\">\n\t\t\t\t\t\t\t<div class=\"elementor-counter\">\n\t\t\t<div class=\"elementor-counter-title\">Kilometers of trails<\/div>\t\t\t<div class=\"elementor-counter-number-wrapper\">\n\t\t\t\t<span class=\"elementor-counter-number-prefix\"><\/span>\n\t\t\t\t<span class=\"elementor-counter-number\" data-duration=\"2000\" data-to-value=\"500\" data-from-value=\"0\" data-delimiter=\",\">0<\/span>\n\t\t\t\t<span class=\"elementor-counter-number-suffix\">+<\/span>\n\t\t\t<\/div>\n\t\t<\/div>\n\t\t\t\t\t\t<\/div>\n\t\t\t\t<\/div>\n\t\t\t\t<div class=\"elementor-element elementor-element-f44b038 elementor-widget__width-initial elementor-widget elementor-widget-heading\" data-id=\"f44b038\" data-element_type=\"widget\" data-e-type=\"widget\" data-widget_type=\"heading.default\">\n\t\t\t\t<div class=\"elementor-widget-container\">\n\t\t\t\t\t<h2 class=\"elementor-heading-title elementor-size-default\">Through forests and villages<\/h2>\t\t\t\t<\/div>\n\t\t\t\t<\/div>\n\t\t\t\t<\/div>\n\t\t<div class=\"elementor-element elementor-element-88b705e e-con-full e-flex e-con e-child\" data-id=\"88b705e\" data-element_type=\"container\" data-e-type=\"container\">\n\t\t\t\t<div class=\"elementor-element elementor-element-3ba0ba9 elementor-widget elementor-widget-counter\" data-id=\"3ba0ba9\" data-element_type=\"widget\" data-e-type=\"widget\" data-widget_type=\"counter.default\">\n\t\t\t\t<div class=\"elementor-widget-container\">\n\t\t\t\t\t\t\t<div class=\"elementor-counter\">\n\t\t\t<div class=\"elementor-counter-title\">Local partners<\/div>\t\t\t<div class=\"elementor-counter-number-wrapper\">\n\t\t\t\t<span class=\"elementor-counter-number-prefix\"><\/span>\n\t\t\t\t<span class=\"elementor-counter-number\" data-duration=\"2000\" data-to-value=\"20\" data-from-value=\"0\" data-delimiter=\",\">0<\/span>\n\t\t\t\t<span class=\"elementor-counter-number-suffix\">+<\/span>\n\t\t\t<\/div>\n\t\t<\/div>\n\t\t\t\t\t\t<\/div>\n\t\t\t\t<\/div>\n\t\t\t\t<div class=\"elementor-element elementor-element-2cadaef elementor-widget__width-initial elementor-widget elementor-widget-heading\" data-id=\"2cadaef\" data-element_type=\"widget\" data-e-type=\"widget\" data-widget_type=\"heading.default\">\n\t\t\t\t<div class=\"elementor-widget-container\">\n\t\t\t\t\t<h2 class=\"elementor-heading-title elementor-size-default\">Shops, accommodation and services<\/h2>\t\t\t\t<\/div>\n\t\t\t\t<\/div>\n\t\t\t\t<\/div>\n\t\t\t\t<\/div>\n\t\t\t\t\t<\/div>\n\t\t\t\t<\/div>\n\t\t<div class=\"elementor-element elementor-element-8826a3e e-flex e-con-boxed e-con e-parent\" data-id=\"8826a3e\" data-element_type=\"container\" data-e-type=\"container\">\n\t\t\t\t\t<div class=\"e-con-inner\">\n\t\t\t\t<div class=\"elementor-element elementor-element-3de61e0 elementor-widget elementor-widget-image\" data-id=\"3de61e0\" data-element_type=\"widget\" data-e-type=\"widget\" data-widget_type=\"image.default\">\n\t\t\t\t<div class=\"elementor-widget-container\">\n\t\t\t\t\t\t\t\t\t\t\t\t\t\t\t<img loading=\"lazy\" decoding=\"async\" width=\"2560\" height=\"1922\" src=\"https:\/\/gravellelaurentides.com\/wp-content\/uploads\/2024\/10\/PANA8376-scaled.jpg\" class=\"attachment-full size-full wp-image-834\" alt=\"\" srcset=\"https:\/\/gravellelaurentides.com\/wp-content\/uploads\/2024\/10\/PANA8376-scaled.jpg 2560w, https:\/\/gravellelaurentides.com\/wp-content\/uploads\/2024\/10\/PANA8376-300x225.jpg 300w, https:\/\/gravellelaurentides.com\/wp-content\/uploads\/2024\/10\/PANA8376-1024x769.jpg 1024w, https:\/\/gravellelaurentides.com\/wp-content\/uploads\/2024\/10\/PANA8376-768x577.jpg 768w, https:\/\/gravellelaurentides.com\/wp-content\/uploads\/2024\/10\/PANA8376-1536x1153.jpg 1536w, https:\/\/gravellelaurentides.com\/wp-content\/uploads\/2024\/10\/PANA8376-2048x1537.jpg 2048w\" sizes=\"(max-width: 2560px) 100vw, 2560px\" \/>\t\t\t\t\t\t\t\t\t\t\t\t\t\t\t<\/div>\n\t\t\t\t<\/div>\n\t\t\t\t\t<\/div>\n\t\t\t\t<\/div>\n\t\t<div class=\"elementor-element elementor-element-b693127 e-flex e-con-boxed e-con e-parent\" data-id=\"b693127\" data-element_type=\"container\" data-e-type=\"container\">\n\t\t\t\t\t<div class=\"e-con-inner\">\n\t\t\t\t<div class=\"elementor-element elementor-element-445f22c elementor-widget elementor-widget-heading\" data-id=\"445f22c\" data-element_type=\"widget\" data-e-type=\"widget\" data-widget_type=\"heading.default\">\n\t\t\t\t<div class=\"elementor-widget-container\">\n\t\t\t\t\t<h2 class=\"elementor-heading-title elementor-size-default\">Our partners<\/h2>\t\t\t\t<\/div>\n\t\t\t\t<\/div>\n\t\t\t\t<div class=\"elementor-element elementor-element-52e1aba elementor-widget elementor-widget-image\" data-id=\"52e1aba\" data-element_type=\"widget\" data-e-type=\"widget\" data-widget_type=\"image.default\">\n\t\t\t\t<div class=\"elementor-widget-container\">\n\t\t\t\t\t\t\t\t\t\t\t\t\t\t\t<img loading=\"lazy\" decoding=\"async\" width=\"800\" height=\"244\" src=\"https:\/\/gravellelaurentides.com\/wp-content\/uploads\/2026\/02\/Desjardins_Logo_RGB-1-1024x312.png\" class=\"attachment-large size-large wp-image-872\" alt=\"\" srcset=\"https:\/\/gravellelaurentides.com\/wp-content\/uploads\/2026\/02\/Desjardins_Logo_RGB-1-1024x312.png 1024w, https:\/\/gravellelaurentides.com\/wp-content\/uploads\/2026\/02\/Desjardins_Logo_RGB-1-300x92.png 300w, https:\/\/gravellelaurentides.com\/wp-content\/uploads\/2026\/02\/Desjardins_Logo_RGB-1-768x234.png 768w, https:\/\/gravellelaurentides.com\/wp-content\/uploads\/2026\/02\/Desjardins_Logo_RGB-1.png 1373w\" sizes=\"(max-width: 800px) 100vw, 800px\" \/>\t\t\t\t\t\t\t\t\t\t\t\t\t\t\t<\/div>\n\t\t\t\t<\/div>\n\t\t\t\t<div class=\"elementor-element elementor-element-c8d4993 elementor-widget elementor-widget-text-editor\" data-id=\"c8d4993\" data-element_type=\"widget\" data-e-type=\"widget\" data-widget_type=\"text-editor.default\">\n\t\t\t\t<div class=\"elementor-widget-container\">\n\t\t\t\t\t\t\t\t\tSupporting Gravelle Laurentides to encourage active health<br>is an investment beyond money.\n\n&nbsp;\t\t\t\t\t\t\t\t<\/div>\n\t\t\t\t<\/div>\n\t\t<div class=\"elementor-element elementor-element-57e3cb3 e-grid e-con-full e-con e-child\" data-id=\"57e3cb3\" data-element_type=\"container\" data-e-type=\"container\">\n\t\t\t\t<div class=\"elementor-element elementor-element-13d8d20 elementor-widget elementor-widget-image\" data-id=\"13d8d20\" data-element_type=\"widget\" data-e-type=\"widget\" data-widget_type=\"image.default\">\n\t\t\t\t<div class=\"elementor-widget-container\">\n\t\t\t\t\t\t\t\t\t\t\t\t\t\t\t<img loading=\"lazy\" decoding=\"async\" width=\"1921\" height=\"320\" src=\"https:\/\/gravellelaurentides.com\/wp-content\/uploads\/2026\/03\/Logo_LaurentidesFR_Noir-1.png\" class=\"attachment-full size-full wp-image-897\" alt=\"\" srcset=\"https:\/\/gravellelaurentides.com\/wp-content\/uploads\/2026\/03\/Logo_LaurentidesFR_Noir-1.png 1921w, https:\/\/gravellelaurentides.com\/wp-content\/uploads\/2026\/03\/Logo_LaurentidesFR_Noir-1-300x50.png 300w, https:\/\/gravellelaurentides.com\/wp-content\/uploads\/2026\/03\/Logo_LaurentidesFR_Noir-1-1024x171.png 1024w, https:\/\/gravellelaurentides.com\/wp-content\/uploads\/2026\/03\/Logo_LaurentidesFR_Noir-1-768x128.png 768w, https:\/\/gravellelaurentides.com\/wp-content\/uploads\/2026\/03\/Logo_LaurentidesFR_Noir-1-1536x256.png 1536w\" sizes=\"(max-width: 1921px) 100vw, 1921px\" \/>\t\t\t\t\t\t\t\t\t\t\t\t\t\t\t<\/div>\n\t\t\t\t<\/div>\n\t\t\t\t<div class=\"elementor-element elementor-element-3d65b74 elementor-widget elementor-widget-image\" data-id=\"3d65b74\" data-element_type=\"widget\" data-e-type=\"widget\" data-widget_type=\"image.default\">\n\t\t\t\t<div class=\"elementor-widget-container\">\n\t\t\t\t\t\t\t\t\t\t\t\t\t\t\t<img loading=\"lazy\" decoding=\"async\" width=\"2560\" height=\"1361\" src=\"https:\/\/gravellelaurentides.com\/wp-content\/uploads\/2026\/03\/Logo-LaCordee-Dehors-Rouge-FR-2-1-scaled.png\" class=\"attachment-full size-full wp-image-898\" alt=\"\" srcset=\"https:\/\/gravellelaurentides.com\/wp-content\/uploads\/2026\/03\/Logo-LaCordee-Dehors-Rouge-FR-2-1-scaled.png 2560w, https:\/\/gravellelaurentides.com\/wp-content\/uploads\/2026\/03\/Logo-LaCordee-Dehors-Rouge-FR-2-1-300x160.png 300w, https:\/\/gravellelaurentides.com\/wp-content\/uploads\/2026\/03\/Logo-LaCordee-Dehors-Rouge-FR-2-1-1024x544.png 1024w, https:\/\/gravellelaurentides.com\/wp-content\/uploads\/2026\/03\/Logo-LaCordee-Dehors-Rouge-FR-2-1-768x408.png 768w, https:\/\/gravellelaurentides.com\/wp-content\/uploads\/2026\/03\/Logo-LaCordee-Dehors-Rouge-FR-2-1-1536x817.png 1536w, https:\/\/gravellelaurentides.com\/wp-content\/uploads\/2026\/03\/Logo-LaCordee-Dehors-Rouge-FR-2-1-2048x1089.png 2048w\" sizes=\"(max-width: 2560px) 100vw, 2560px\" \/>\t\t\t\t\t\t\t\t\t\t\t\t\t\t\t<\/div>\n\t\t\t\t<\/div>\n\t\t\t\t<\/div>\n\t\t\t\t\t<\/div>\n\t\t\t\t<\/div>\n\t\t\t\t<\/div>\n\t\t","protected":false},"excerpt":{"rendered":"<p>About the Project Gravelle Laurentides is an initiative by SOPAIR and its partners to promote gravelle cycling in the Laurentians. Our mission The Gravelle Laurentides project aims to position the Laurentian region as a prime destination for gravel cycling in Quebec and North America. Our mission is to create, promote and maintain a network of [&hellip;]<\/p>\n","protected":false},"author":1,"featured_media":0,"parent":0,"menu_order":0,"comment_status":"closed","ping_status":"closed","template":"","meta":{"_acf_changed":false,"footnotes":""},"class_list":["post-992","page","type-page","status-publish","hentry"],"acf":[],"_links":{"self":[{"href":"https:\/\/gravellelaurentides.com\/en\/wp-json\/wp\/v2\/pages\/992","targetHints":{"allow":["GET"]}}],"collection":[{"href":"https:\/\/gravellelaurentides.com\/en\/wp-json\/wp\/v2\/pages"}],"about":[{"href":"https:\/\/gravellelaurentides.com\/en\/wp-json\/wp\/v2\/types\/page"}],"author":[{"embeddable":true,"href":"https:\/\/gravellelaurentides.com\/en\/wp-json\/wp\/v2\/users\/1"}],"replies":[{"embeddable":true,"href":"https:\/\/gravellelaurentides.com\/en\/wp-json\/wp\/v2\/comments?post=992"}],"version-history":[{"count":2,"href":"https:\/\/gravellelaurentides.com\/en\/wp-json\/wp\/v2\/pages\/992\/revisions"}],"predecessor-version":[{"id":995,"href":"https:\/\/gravellelaurentides.com\/en\/wp-json\/wp\/v2\/pages\/992\/revisions\/995"}],"wp:attachment":[{"href":"https:\/\/gravellelaurentides.com\/en\/wp-json\/wp\/v2\/media?parent=992"}],"curies":[{"name":"wp","href":"https:\/\/api.w.org\/{rel}","templated":true}]}}